{"id":863,"date":"2020-09-08T17:52:00","date_gmt":"2020-09-08T15:52:00","guid":{"rendered":"https:\/\/dodigital.sk\/google-reklama\/"},"modified":"2026-02-23T15:57:47","modified_gmt":"2026-02-23T14:57:47","slug":"google-hirdetesek","status":"publish","type":"page","link":"https:\/\/dodigital.sk\/hu\/google-hirdetesek\/","title":{"rendered":"Google hirdet\u00e9sek"},"content":{"rendered":"<div id=\"ukazky\" class=\"anchortarget\"><\/div>\r\n\r\n\r\n<h2 class=\"has-text-align-center wp-block-heading\">Hogyan jelenhet meg a Google hirdet\u00e9sed?<\/h2>\r\n\r\n\r\n\r\n<div class=\"wp-block-spacer\" style=\"height: 28px;\" aria-hidden=\"true\">\u00a0<\/div>\r\n\r\n\r\n<div class=\"lefttitle\" style=\"margin-top:200px\">p\u00e9lda<\/div>\r\n\r\n<div class=\"img_in_tablet\"><img decoding=\"async\" src=\"https:\/\/dodigital.sk\/wp-content\/uploads\/2020\/09\/Untitled-design-8-1008x630.png\" alt=\"Vyhladavacie reklamy\"><div class=\"desc\"><\/div><\/div>\r\n\r\n<div class=\"margin-top\" style=\"margin-top:-100px\"><\/div>\r\n\r\n<\/div><div class=\"purplebg\"><div class=\"container\">\r\n\r\n\r\n<div class=\"wp-block-spacer\" style=\"height: 190px;\" aria-hidden=\"true\">\u00a0<\/div>\r\n\r\n\r\n\r\n<h2 class=\"has-text-align-center wp-block-heading\">B\u00e1rmilyen k\u00e9rd\u00e9sed van?<\/h2>\r\n\r\n\r\n\r\n<div class=\"wp-block-buttons aligncenter is-layout-flex wp-block-buttons-is-layout-flex\">\r\n<div class=\"wp-block-button\"><a class=\"wp-block-button__link\" href=\"https:\/\/dodigital.sk\/hu\/kapcsolat\/\" rel=\"\">Fordulj hozz\u00e1nk<\/a><\/div>\r\n<\/div>\r\n\r\n\r\n\r\n<div class=\"wp-block-spacer\" style=\"height: 100px;\" aria-hidden=\"true\">\u00a0<\/div>\r\n\r\n\r\n<div class=\"purplebg-end\"><\/div><\/div><\/div><div class=\"container\">\r\n\r\n\r\n<p>&nbsp;<\/p>\r\n","protected":false},"excerpt":{"rendered":"<p>Hogyan jelenhet meg a Google hirdet\u00e9sed? B\u00e1rmilyen k\u00e9rd\u00e9sed van? &nbsp;<\/p>\n","protected":false},"author":1,"featured_media":688,"parent":0,"menu_order":0,"comment_status":"closed","ping_status":"closed","template":"","meta":{"_acf_changed":false,"footnotes":""},"class_list":["post-863","page","type-page","status-publish","has-post-thumbnail","hentry"],"acf":[],"yoast_head":"<!-- This site is optimized with the Yoast SEO plugin v26.8 - https:\/\/yoast.com\/product\/yoast-seo-wordpress\/ -->\n<title>Google hirdet\u00e9sek | do digital<\/title>\n<meta name=\"robots\" content=\"index, follow, max-snippet:-1, max-image-preview:large, max-video-preview:-1\" \/>\n<link rel=\"canonical\" href=\"https:\/\/dodigital.sk\/hu\/google-hirdetesek\/\" \/>\n<meta property=\"og:locale\" content=\"hu_HU\" \/>\n<meta property=\"og:type\" content=\"article\" \/>\n<meta property=\"og:title\" content=\"Google hirdet\u00e9sek | do digital\" \/>\n<meta property=\"og:description\" content=\"Hogyan jelenhet meg a Google hirdet\u00e9sed? B\u00e1rmilyen k\u00e9rd\u00e9sed van? &nbsp;\" \/>\n<meta property=\"og:url\" content=\"https:\/\/dodigital.sk\/hu\/google-hirdetesek\/\" \/>\n<meta property=\"og:site_name\" content=\"do digital\" \/>\n<meta property=\"article:modified_time\" content=\"2026-02-23T14:57:47+00:00\" \/>\n<meta property=\"og:image\" content=\"https:\/\/dodigital.sk\/wp-content\/uploads\/2020\/09\/sluzba.png\" \/>\n\t<meta property=\"og:image:width\" content=\"650\" \/>\n\t<meta property=\"og:image:height\" content=\"552\" \/>\n\t<meta property=\"og:image:type\" content=\"image\/png\" \/>\n<meta name=\"twitter:card\" content=\"summary_large_image\" \/>\n<meta name=\"twitter:label1\" content=\"Becs\u00fclt olvas\u00e1si id\u0151\" \/>\n\t<meta name=\"twitter:data1\" content=\"1 perc\" \/>\n<script type=\"application\/ld+json\" class=\"yoast-schema-graph\">{\"@context\":\"https:\/\/schema.org\",\"@graph\":[{\"@type\":\"WebPage\",\"@id\":\"https:\/\/dodigital.sk\/hu\/google-hirdetesek\/\",\"url\":\"https:\/\/dodigital.sk\/hu\/google-hirdetesek\/\",\"name\":\"Google hirdet\u00e9sek | do digital\",\"isPartOf\":{\"@id\":\"https:\/\/dodigital.sk\/#website\"},\"primaryImageOfPage\":{\"@id\":\"https:\/\/dodigital.sk\/hu\/google-hirdetesek\/#primaryimage\"},\"image\":{\"@id\":\"https:\/\/dodigital.sk\/hu\/google-hirdetesek\/#primaryimage\"},\"thumbnailUrl\":\"https:\/\/dodigital.sk\/wp-content\/uploads\/2020\/09\/sluzba.png\",\"datePublished\":\"2020-09-08T15:52:00+00:00\",\"dateModified\":\"2026-02-23T14:57:47+00:00\",\"breadcrumb\":{\"@id\":\"https:\/\/dodigital.sk\/hu\/google-hirdetesek\/#breadcrumb\"},\"inLanguage\":\"hu\",\"potentialAction\":[{\"@type\":\"ReadAction\",\"target\":[\"https:\/\/dodigital.sk\/hu\/google-hirdetesek\/\"]}]},{\"@type\":\"ImageObject\",\"inLanguage\":\"hu\",\"@id\":\"https:\/\/dodigital.sk\/hu\/google-hirdetesek\/#primaryimage\",\"url\":\"https:\/\/dodigital.sk\/wp-content\/uploads\/2020\/09\/sluzba.png\",\"contentUrl\":\"https:\/\/dodigital.sk\/wp-content\/uploads\/2020\/09\/sluzba.png\",\"width\":650,\"height\":552},{\"@type\":\"BreadcrumbList\",\"@id\":\"https:\/\/dodigital.sk\/hu\/google-hirdetesek\/#breadcrumb\",\"itemListElement\":[{\"@type\":\"ListItem\",\"position\":1,\"name\":\"Domovsk\u00e1 str\u00e1nka\",\"item\":\"https:\/\/dodigital.sk\/hu\/\"},{\"@type\":\"ListItem\",\"position\":2,\"name\":\"Google hirdet\u00e9sek\"}]},{\"@type\":\"WebSite\",\"@id\":\"https:\/\/dodigital.sk\/#website\",\"url\":\"https:\/\/dodigital.sk\/\",\"name\":\"do digital\",\"description\":\"Sme odhodlan\u00ed zv\u00fd\u0161i\u0165 va\u0161e konverzie\",\"potentialAction\":[{\"@type\":\"SearchAction\",\"target\":{\"@type\":\"EntryPoint\",\"urlTemplate\":\"https:\/\/dodigital.sk\/?s={search_term_string}\"},\"query-input\":{\"@type\":\"PropertyValueSpecification\",\"valueRequired\":true,\"valueName\":\"search_term_string\"}}],\"inLanguage\":\"hu\"}]}<\/script>\n<!-- \/ Yoast SEO plugin. -->","yoast_head_json":{"title":"Google hirdet\u00e9sek | do digital","robots":{"index":"index","follow":"follow","max-snippet":"max-snippet:-1","max-image-preview":"max-image-preview:large","max-video-preview":"max-video-preview:-1"},"canonical":"https:\/\/dodigital.sk\/hu\/google-hirdetesek\/","og_locale":"hu_HU","og_type":"article","og_title":"Google hirdet\u00e9sek | do digital","og_description":"Hogyan jelenhet meg a Google hirdet\u00e9sed? B\u00e1rmilyen k\u00e9rd\u00e9sed van? &nbsp;","og_url":"https:\/\/dodigital.sk\/hu\/google-hirdetesek\/","og_site_name":"do digital","article_modified_time":"2026-02-23T14:57:47+00:00","og_image":[{"width":650,"height":552,"url":"https:\/\/dodigital.sk\/wp-content\/uploads\/2020\/09\/sluzba.png","type":"image\/png"}],"twitter_card":"summary_large_image","twitter_misc":{"Becs\u00fclt olvas\u00e1si id\u0151":"1 perc"},"schema":{"@context":"https:\/\/schema.org","@graph":[{"@type":"WebPage","@id":"https:\/\/dodigital.sk\/hu\/google-hirdetesek\/","url":"https:\/\/dodigital.sk\/hu\/google-hirdetesek\/","name":"Google hirdet\u00e9sek | do digital","isPartOf":{"@id":"https:\/\/dodigital.sk\/#website"},"primaryImageOfPage":{"@id":"https:\/\/dodigital.sk\/hu\/google-hirdetesek\/#primaryimage"},"image":{"@id":"https:\/\/dodigital.sk\/hu\/google-hirdetesek\/#primaryimage"},"thumbnailUrl":"https:\/\/dodigital.sk\/wp-content\/uploads\/2020\/09\/sluzba.png","datePublished":"2020-09-08T15:52:00+00:00","dateModified":"2026-02-23T14:57:47+00:00","breadcrumb":{"@id":"https:\/\/dodigital.sk\/hu\/google-hirdetesek\/#breadcrumb"},"inLanguage":"hu","potentialAction":[{"@type":"ReadAction","target":["https:\/\/dodigital.sk\/hu\/google-hirdetesek\/"]}]},{"@type":"ImageObject","inLanguage":"hu","@id":"https:\/\/dodigital.sk\/hu\/google-hirdetesek\/#primaryimage","url":"https:\/\/dodigital.sk\/wp-content\/uploads\/2020\/09\/sluzba.png","contentUrl":"https:\/\/dodigital.sk\/wp-content\/uploads\/2020\/09\/sluzba.png","width":650,"height":552},{"@type":"BreadcrumbList","@id":"https:\/\/dodigital.sk\/hu\/google-hirdetesek\/#breadcrumb","itemListElement":[{"@type":"ListItem","position":1,"name":"Domovsk\u00e1 str\u00e1nka","item":"https:\/\/dodigital.sk\/hu\/"},{"@type":"ListItem","position":2,"name":"Google hirdet\u00e9sek"}]},{"@type":"WebSite","@id":"https:\/\/dodigital.sk\/#website","url":"https:\/\/dodigital.sk\/","name":"do digital","description":"Sme odhodlan\u00ed zv\u00fd\u0161i\u0165 va\u0161e konverzie","potentialAction":[{"@type":"SearchAction","target":{"@type":"EntryPoint","urlTemplate":"https:\/\/dodigital.sk\/?s={search_term_string}"},"query-input":{"@type":"PropertyValueSpecification","valueRequired":true,"valueName":"search_term_string"}}],"inLanguage":"hu"}]}},"_links":{"self":[{"href":"https:\/\/dodigital.sk\/hu\/wp-json\/wp\/v2\/pages\/863","targetHints":{"allow":["GET"]}}],"collection":[{"href":"https:\/\/dodigital.sk\/hu\/wp-json\/wp\/v2\/pages"}],"about":[{"href":"https:\/\/dodigital.sk\/hu\/wp-json\/wp\/v2\/types\/page"}],"author":[{"embeddable":true,"href":"https:\/\/dodigital.sk\/hu\/wp-json\/wp\/v2\/users\/1"}],"replies":[{"embeddable":true,"href":"https:\/\/dodigital.sk\/hu\/wp-json\/wp\/v2\/comments?post=863"}],"version-history":[{"count":5,"href":"https:\/\/dodigital.sk\/hu\/wp-json\/wp\/v2\/pages\/863\/revisions"}],"predecessor-version":[{"id":979,"href":"https:\/\/dodigital.sk\/hu\/wp-json\/wp\/v2\/pages\/863\/revisions\/979"}],"wp:featuredmedia":[{"embeddable":true,"href":"https:\/\/dodigital.sk\/hu\/wp-json\/wp\/v2\/media\/688"}],"wp:attachment":[{"href":"https:\/\/dodigital.sk\/hu\/wp-json\/wp\/v2\/media?parent=863"}],"curies":[{"name":"wp","href":"https:\/\/api.w.org\/{rel}","templated":true}]}}