{"id":855,"date":"2020-07-18T14:12:11","date_gmt":"2020-07-18T12:12:11","guid":{"rendered":"https:\/\/dodigital.sk\/o-nas\/"},"modified":"2026-02-23T14:44:17","modified_gmt":"2026-02-23T13:44:17","slug":"rolunk","status":"publish","type":"page","link":"https:\/\/dodigital.sk\/hu\/rolunk\/","title":{"rendered":"R\u00f3lunk"},"content":{"rendered":"\r\n<h2 class=\"wp-block-heading\">\u00cdgy dolgozunk<\/h2>\r\n\r\n\r\n\r\n<p><span data-sheets-root=\"1\">Kis digit\u00e1lis \u00fcgyn\u00f6ks\u00e9g vagyunk, de kell\u0151en nagy tapasztalattal rendelkez\u00fcnk b\u00e1rmilyen egy\u00fcttm\u0171k\u00f6d\u00e9shez. Sz\u00e1mos sikeres projektet tudhatunk magunk m\u00f6g\u00f6tt szlov\u00e1kiai \u00e9s magyarorsz\u00e1gi m\u00e1rk\u00e1kkal, amelyek k\u00e9zzelfoghat\u00f3 eredm\u00e9nyeket hoztak. Olyanokat, amelyek \u00f6r\u00f6met okoznak az e-kereskedelmi \u00fczletek tulajdonosainak, valamint a marketing- \u00e9s m\u00e1rka menedzsereknek.<br \/><br \/>Ahogy a kommunik\u00e1ci\u00f3ban, \u00fagy a munk\u00e1nkban is transzparensek vagyunk. Ezt azt jelenti p\u00e9ld\u00e1ul, hogy sz\u00edvesen biztos\u00edtunk hozz\u00e1f\u00e9r\u00e9st a hirdet\u00e9si rendszereinkhez a folyamatok szabad nyomon k\u00f6vet\u00e9se \u00e9rdek\u00e9ben. Mindent megtesz\u00fcnk, hogy a teljes\u00edtm\u00e9ny\u00fcnket ne csak a besz\u00e1mol\u00f3inkban l\u00e1ssa, hanem a megn\u00f6vekedett forgalom \u00e9s a ki\u00fcr\u00fclt rakt\u00e1rk\u00e9szletek is t\u00fckr\u00f6zz\u00e9k.<\/span><\/p>\r\n<p>&nbsp;<\/p>\r\n\r\n\r\n\r\n\r\n\r\n<h2 class=\"wp-block-heading\">\u00c9rt\u00e9krend\u00fcnk<\/h2>\r\n\r\n\r\n\r\n<p><span data-sheets-root=\"1\">A szakmais\u00e1g \u00e9s a bizalom sz\u00e1munkra alapvet\u0151 fontoss\u00e1g\u00fa. Ugyanezt v\u00e1rjuk el \u00fcgyfeleink r\u00e9sz\u00e9r\u0151l is, teh\u00e1t a csoda nem egyik napr\u00f3l a m\u00e1sikra t\u00f6rt\u00e9nik, hanem terv \u00e9s megegyez\u00e9s alapj\u00e1n. A felesleges huzavona rabolja azt az id\u0151t, amit a kamp\u00e1nyok fejleszt\u00e9s\u00e9re \u00e9s optimaliz\u00e1l\u00e1s\u00e1ra ford\u00edthatn\u00e1nk. Besz\u00e9l\u00fcnk magyarul, po slovensky \u00e9s in english is. \ud83d\ude03<\/span><\/p>\r\n","protected":false},"excerpt":{"rendered":"<p>\u00cdgy dolgozunk Kis digit\u00e1lis \u00fcgyn\u00f6ks\u00e9g vagyunk, de kell\u0151en nagy tapasztalattal rendelkez\u00fcnk b\u00e1rmilyen egy\u00fcttm\u0171k\u00f6d\u00e9shez. Sz\u00e1mos sikeres projektet tudhatunk magunk m\u00f6g\u00f6tt szlov\u00e1kiai \u00e9s magyarorsz\u00e1gi m\u00e1rk\u00e1kkal, amelyek k\u00e9zzelfoghat\u00f3 eredm\u00e9nyeket hoztak. Olyanokat, amelyek \u00f6r\u00f6met okoznak az e-kereskedelmi \u00fczletek tulajdonosainak, valamint a marketing- \u00e9s m\u00e1rka menedzsereknek. Ahogy a kommunik\u00e1ci\u00f3ban, \u00fagy a munk\u00e1nkban is transzparensek vagyunk. Ezt azt jelenti p\u00e9ld\u00e1ul, hogy [&hellip;]<\/p>\n","protected":false},"author":1,"featured_media":0,"parent":0,"menu_order":0,"comment_status":"closed","ping_status":"closed","template":"template-aboutus.php","meta":{"_acf_changed":false,"footnotes":""},"class_list":["post-855","page","type-page","status-publish","hentry"],"acf":[],"yoast_head":"<!-- This site is optimized with the Yoast SEO plugin v26.8 - https:\/\/yoast.com\/product\/yoast-seo-wordpress\/ -->\n<title>R\u00f3lunk | do digital<\/title>\n<meta name=\"robots\" content=\"index, follow, max-snippet:-1, max-image-preview:large, max-video-preview:-1\" \/>\n<link rel=\"canonical\" href=\"https:\/\/dodigital.sk\/hu\/rolunk\/\" \/>\n<meta property=\"og:locale\" content=\"hu_HU\" \/>\n<meta property=\"og:type\" content=\"article\" \/>\n<meta property=\"og:title\" content=\"R\u00f3lunk | do digital\" \/>\n<meta property=\"og:description\" content=\"\u00cdgy dolgozunk Kis digit\u00e1lis \u00fcgyn\u00f6ks\u00e9g vagyunk, de kell\u0151en nagy tapasztalattal rendelkez\u00fcnk b\u00e1rmilyen egy\u00fcttm\u0171k\u00f6d\u00e9shez. Sz\u00e1mos sikeres projektet tudhatunk magunk m\u00f6g\u00f6tt szlov\u00e1kiai \u00e9s magyarorsz\u00e1gi m\u00e1rk\u00e1kkal, amelyek k\u00e9zzelfoghat\u00f3 eredm\u00e9nyeket hoztak. Olyanokat, amelyek \u00f6r\u00f6met okoznak az e-kereskedelmi \u00fczletek tulajdonosainak, valamint a marketing- \u00e9s m\u00e1rka menedzsereknek. Ahogy a kommunik\u00e1ci\u00f3ban, \u00fagy a munk\u00e1nkban is transzparensek vagyunk. Ezt azt jelenti p\u00e9ld\u00e1ul, hogy [&hellip;]\" \/>\n<meta property=\"og:url\" content=\"https:\/\/dodigital.sk\/hu\/rolunk\/\" \/>\n<meta property=\"og:site_name\" content=\"do digital\" \/>\n<meta property=\"article:modified_time\" content=\"2026-02-23T13:44:17+00:00\" \/>\n<meta property=\"og:image\" content=\"https:\/\/dodigital.sk\/wp-content\/uploads\/2020\/09\/ogimg.png\" \/>\n\t<meta property=\"og:image:width\" content=\"1200\" \/>\n\t<meta property=\"og:image:height\" content=\"628\" \/>\n\t<meta property=\"og:image:type\" content=\"image\/png\" \/>\n<meta name=\"twitter:card\" content=\"summary_large_image\" \/>\n<meta name=\"twitter:label1\" content=\"Becs\u00fclt olvas\u00e1si id\u0151\" \/>\n\t<meta name=\"twitter:data1\" content=\"1 perc\" \/>\n<script type=\"application\/ld+json\" class=\"yoast-schema-graph\">{\"@context\":\"https:\/\/schema.org\",\"@graph\":[{\"@type\":\"WebPage\",\"@id\":\"https:\/\/dodigital.sk\/hu\/rolunk\/\",\"url\":\"https:\/\/dodigital.sk\/hu\/rolunk\/\",\"name\":\"R\u00f3lunk | do digital\",\"isPartOf\":{\"@id\":\"https:\/\/dodigital.sk\/#website\"},\"datePublished\":\"2020-07-18T12:12:11+00:00\",\"dateModified\":\"2026-02-23T13:44:17+00:00\",\"breadcrumb\":{\"@id\":\"https:\/\/dodigital.sk\/hu\/rolunk\/#breadcrumb\"},\"inLanguage\":\"hu\",\"potentialAction\":[{\"@type\":\"ReadAction\",\"target\":[\"https:\/\/dodigital.sk\/hu\/rolunk\/\"]}]},{\"@type\":\"BreadcrumbList\",\"@id\":\"https:\/\/dodigital.sk\/hu\/rolunk\/#breadcrumb\",\"itemListElement\":[{\"@type\":\"ListItem\",\"position\":1,\"name\":\"Domovsk\u00e1 str\u00e1nka\",\"item\":\"https:\/\/dodigital.sk\/hu\/\"},{\"@type\":\"ListItem\",\"position\":2,\"name\":\"R\u00f3lunk\"}]},{\"@type\":\"WebSite\",\"@id\":\"https:\/\/dodigital.sk\/#website\",\"url\":\"https:\/\/dodigital.sk\/\",\"name\":\"do digital\",\"description\":\"Sme odhodlan\u00ed zv\u00fd\u0161i\u0165 va\u0161e konverzie\",\"potentialAction\":[{\"@type\":\"SearchAction\",\"target\":{\"@type\":\"EntryPoint\",\"urlTemplate\":\"https:\/\/dodigital.sk\/?s={search_term_string}\"},\"query-input\":{\"@type\":\"PropertyValueSpecification\",\"valueRequired\":true,\"valueName\":\"search_term_string\"}}],\"inLanguage\":\"hu\"}]}<\/script>\n<!-- \/ Yoast SEO plugin. -->","yoast_head_json":{"title":"R\u00f3lunk | do digital","robots":{"index":"index","follow":"follow","max-snippet":"max-snippet:-1","max-image-preview":"max-image-preview:large","max-video-preview":"max-video-preview:-1"},"canonical":"https:\/\/dodigital.sk\/hu\/rolunk\/","og_locale":"hu_HU","og_type":"article","og_title":"R\u00f3lunk | do digital","og_description":"\u00cdgy dolgozunk Kis digit\u00e1lis \u00fcgyn\u00f6ks\u00e9g vagyunk, de kell\u0151en nagy tapasztalattal rendelkez\u00fcnk b\u00e1rmilyen egy\u00fcttm\u0171k\u00f6d\u00e9shez. Sz\u00e1mos sikeres projektet tudhatunk magunk m\u00f6g\u00f6tt szlov\u00e1kiai \u00e9s magyarorsz\u00e1gi m\u00e1rk\u00e1kkal, amelyek k\u00e9zzelfoghat\u00f3 eredm\u00e9nyeket hoztak. Olyanokat, amelyek \u00f6r\u00f6met okoznak az e-kereskedelmi \u00fczletek tulajdonosainak, valamint a marketing- \u00e9s m\u00e1rka menedzsereknek. Ahogy a kommunik\u00e1ci\u00f3ban, \u00fagy a munk\u00e1nkban is transzparensek vagyunk. Ezt azt jelenti p\u00e9ld\u00e1ul, hogy [&hellip;]","og_url":"https:\/\/dodigital.sk\/hu\/rolunk\/","og_site_name":"do digital","article_modified_time":"2026-02-23T13:44:17+00:00","og_image":[{"width":1200,"height":628,"url":"https:\/\/dodigital.sk\/wp-content\/uploads\/2020\/09\/ogimg.png","type":"image\/png"}],"twitter_card":"summary_large_image","twitter_misc":{"Becs\u00fclt olvas\u00e1si id\u0151":"1 perc"},"schema":{"@context":"https:\/\/schema.org","@graph":[{"@type":"WebPage","@id":"https:\/\/dodigital.sk\/hu\/rolunk\/","url":"https:\/\/dodigital.sk\/hu\/rolunk\/","name":"R\u00f3lunk | do digital","isPartOf":{"@id":"https:\/\/dodigital.sk\/#website"},"datePublished":"2020-07-18T12:12:11+00:00","dateModified":"2026-02-23T13:44:17+00:00","breadcrumb":{"@id":"https:\/\/dodigital.sk\/hu\/rolunk\/#breadcrumb"},"inLanguage":"hu","potentialAction":[{"@type":"ReadAction","target":["https:\/\/dodigital.sk\/hu\/rolunk\/"]}]},{"@type":"BreadcrumbList","@id":"https:\/\/dodigital.sk\/hu\/rolunk\/#breadcrumb","itemListElement":[{"@type":"ListItem","position":1,"name":"Domovsk\u00e1 str\u00e1nka","item":"https:\/\/dodigital.sk\/hu\/"},{"@type":"ListItem","position":2,"name":"R\u00f3lunk"}]},{"@type":"WebSite","@id":"https:\/\/dodigital.sk\/#website","url":"https:\/\/dodigital.sk\/","name":"do digital","description":"Sme odhodlan\u00ed zv\u00fd\u0161i\u0165 va\u0161e konverzie","potentialAction":[{"@type":"SearchAction","target":{"@type":"EntryPoint","urlTemplate":"https:\/\/dodigital.sk\/?s={search_term_string}"},"query-input":{"@type":"PropertyValueSpecification","valueRequired":true,"valueName":"search_term_string"}}],"inLanguage":"hu"}]}},"_links":{"self":[{"href":"https:\/\/dodigital.sk\/hu\/wp-json\/wp\/v2\/pages\/855","targetHints":{"allow":["GET"]}}],"collection":[{"href":"https:\/\/dodigital.sk\/hu\/wp-json\/wp\/v2\/pages"}],"about":[{"href":"https:\/\/dodigital.sk\/hu\/wp-json\/wp\/v2\/types\/page"}],"author":[{"embeddable":true,"href":"https:\/\/dodigital.sk\/hu\/wp-json\/wp\/v2\/users\/1"}],"replies":[{"embeddable":true,"href":"https:\/\/dodigital.sk\/hu\/wp-json\/wp\/v2\/comments?post=855"}],"version-history":[{"count":7,"href":"https:\/\/dodigital.sk\/hu\/wp-json\/wp\/v2\/pages\/855\/revisions"}],"predecessor-version":[{"id":974,"href":"https:\/\/dodigital.sk\/hu\/wp-json\/wp\/v2\/pages\/855\/revisions\/974"}],"wp:attachment":[{"href":"https:\/\/dodigital.sk\/hu\/wp-json\/wp\/v2\/media?parent=855"}],"curies":[{"name":"wp","href":"https:\/\/api.w.org\/{rel}","templated":true}]}}